{"id":951,"date":"2018-05-15T19:56:55","date_gmt":"2018-05-15T19:56:55","guid":{"rendered":"http:\/\/okupe.provisorio.ws\/hostel-em-sao-paulo\/?page_id=951"},"modified":"2021-08-18T05:04:21","modified_gmt":"2021-08-18T05:04:21","slug":"pacote-especiais","status":"publish","type":"page","link":"http:\/\/h4opera.com.br\/hotel-opera\/pacote-especiais\/","title":{"rendered":"Promo\u00e7\u00f5es"},"content":{"rendered":"<p>[et_pb_section bb_built=&#8221;1&#8243; fullwidth=&#8221;on&#8221; specialty=&#8221;off&#8221; next_background_color=&#8221;#000000&#8243; _builder_version=&#8221;3.2.2&#8243; custom_css_main_element=&#8221;height:auto !important;&#8221;][et_pb_fullwidth_header _builder_version=&#8221;3.2.2&#8243; title=&#8221;Promo\u00e7\u00f5es e Ofertas&#8221; background_color=&#8221;rgba(229,229,229,0)&#8221; background_image=&#8221;https:\/\/h4opera.com.br\/hotel-opera\/wp-content\/uploads\/2021\/08\/smallchristin-hume-Hcfwew744z4-unsplash-1.jpg&#8221; text_orientation=&#8221;center&#8221; title_text_align=&#8221;center&#8221; parallax=&#8221;on&#8221; parallax_method=&#8221;on&#8221; content_text_align=&#8221;center&#8221; content_font_size=&#8221;19&#8243; subhead_font_size=&#8221;19&#8243; custom_css_main_element=&#8221; background-position: 0px -34px;||height:auto !important;&#8221; scroll_down_icon_size=&#8221;30px&#8221; custom_padding=&#8221;80px||80px|&#8221; custom_margin=&#8221;110px|||&#8221; \/][\/et_pb_section][et_pb_section bb_built=&#8221;1&#8243; fullwidth=&#8221;off&#8221; specialty=&#8221;off&#8221; prev_background_color=&#8221;#000000&#8243;][et_pb_row][et_pb_column type=&#8221;1_3&#8243;][et_pb_image _builder_version=&#8221;3.2.2&#8243; src=&#8221;http:\/\/h4opera.com.br\/hotel-opera\/wp-content\/uploads\/2019\/04\/5off-selo-300&#215;300.png&#8221; max_width=&#8221;200px&#8221; align=&#8221;center&#8221; \/][\/et_pb_column][et_pb_column type=&#8221;2_3&#8243;][et_pb_text _builder_version=&#8221;3.2.2&#8243; custom_margin=&#8221;17px|||&#8221;]<\/p>\n<h3 style=\"font-size: 25px; margin-bottom: 20px;\">Reserva direta<\/h3>\n<p style=\"font-size: 18px;\">Al\u00e9m de sempre garantirmos a melhor tarifa dispon\u00edvel, agora voc\u00ea pode contar tamb\u00e9m com 5% de desconto para as reservas feitas diretamente em nossa central de reservas. Utilize o c\u00f3digo: HXLOVER<\/p>\n<p>[\/et_pb_text][\/et_pb_column][\/et_pb_row][et_pb_row][et_pb_column type=&#8221;1_3&#8243;][et_pb_image _builder_version=&#8221;3.2.2&#8243; src=&#8221;https:\/\/h3hotel.com.br\/hotel\/wp-content\/uploads\/2016\/01\/10off-selo-300&#215;300.png&#8221; max_width=&#8221;200px&#8221; align=&#8221;center&#8221; \/][\/et_pb_column][et_pb_column type=&#8221;2_3&#8243;][et_pb_text _builder_version=&#8221;3.2.2&#8243; custom_margin=&#8221;17px|||&#8221;]<\/p>\n<h3 style=\"font-size: 25px; margin-bottom: 20px;\">M\u00ednimo de 3 noites<\/h3>\n<p style=\"font-size: 18px;\">Para voc\u00ea que pretende ficar pelo menos 3 noites em nosso hotel, uma excelente condi\u00e7\u00e3o. Se est\u00e1 em d\u00favida se ficar\u00e1 um pouco mais, agora tem um \u00f3timo motivo!<\/p>\n<p>[\/et_pb_text][\/et_pb_column][\/et_pb_row][\/et_pb_section]<\/p>\n","protected":false},"excerpt":{"rendered":"<p>[et_pb_section bb_built=&#8221;1&#8243; fullwidth=&#8221;on&#8221; specialty=&#8221;off&#8221; next_background_color=&#8221;#000000&#8243; _builder_version=&#8221;3.2.2&#8243; custom_css_main_element=&#8221;height:auto !important;&#8221;][et_pb_fullwidth_header _builder_version=&#8221;3.2.2&#8243; title=&#8221;Promo\u00e7\u00f5es e Ofertas&#8221; background_color=&#8221;rgba(229,229,229,0)&#8221; background_image=&#8221;https:\/\/h4opera.com.br\/hotel-opera\/wp-content\/uploads\/2021\/08\/smallchristin-hume-Hcfwew744z4-unsplash-1.jpg&#8221; text_orientation=&#8221;center&#8221; title_text_align=&#8221;center&#8221; parallax=&#8221;on&#8221; parallax_method=&#8221;on&#8221; content_text_align=&#8221;center&#8221; content_font_size=&#8221;19&#8243; subhead_font_size=&#8221;19&#8243; custom_css_main_element=&#8221; background-position: 0px -34px;||height:auto !important;&#8221; scroll_down_icon_size=&#8221;30px&#8221; custom_padding=&#8221;80px||80px|&#8221; custom_margin=&#8221;110px|||&#8221; \/][\/et_pb_section][et_pb_section bb_built=&#8221;1&#8243; fullwidth=&#8221;off&#8221; specialty=&#8221;off&#8221; prev_background_color=&#8221;#000000&#8243;][et_pb_row][et_pb_column type=&#8221;1_3&#8243;][et_pb_image _builder_version=&#8221;3.2.2&#8243; src=&#8221;http:\/\/h4opera.com.br\/hotel-opera\/wp-content\/uploads\/2019\/04\/5off-selo-300&#215;300.png&#8221; max_width=&#8221;200px&#8221; align=&#8221;center&#8221; \/][\/et_pb_column][et_pb_column type=&#8221;2_3&#8243;][et_pb_text _builder_version=&#8221;3.2.2&#8243; custom_margin=&#8221;17px|||&#8221;] Reserva direta Al\u00e9m de sempre garantirmos a melhor tarifa dispon\u00edvel, agora voc\u00ea [&hellip;]<\/p>\n","protected":false},"author":1,"featured_media":0,"parent":0,"menu_order":0,"comment_status":"closed","ping_status":"closed","template":"","meta":{"footnotes":""},"class_list":["post-951","page","type-page","status-publish","hentry"],"acf":[],"_links":{"self":[{"href":"http:\/\/h4opera.com.br\/hotel-opera\/wp-json\/wp\/v2\/pages\/951","targetHints":{"allow":["GET"]}}],"collection":[{"href":"http:\/\/h4opera.com.br\/hotel-opera\/wp-json\/wp\/v2\/pages"}],"about":[{"href":"http:\/\/h4opera.com.br\/hotel-opera\/wp-json\/wp\/v2\/types\/page"}],"author":[{"embeddable":true,"href":"http:\/\/h4opera.com.br\/hotel-opera\/wp-json\/wp\/v2\/users\/1"}],"replies":[{"embeddable":true,"href":"http:\/\/h4opera.com.br\/hotel-opera\/wp-json\/wp\/v2\/comments?post=951"}],"version-history":[{"count":27,"href":"http:\/\/h4opera.com.br\/hotel-opera\/wp-json\/wp\/v2\/pages\/951\/revisions"}],"predecessor-version":[{"id":1798,"href":"http:\/\/h4opera.com.br\/hotel-opera\/wp-json\/wp\/v2\/pages\/951\/revisions\/1798"}],"wp:attachment":[{"href":"http:\/\/h4opera.com.br\/hotel-opera\/wp-json\/wp\/v2\/media?parent=951"}],"curies":[{"name":"wp","href":"https:\/\/api.w.org\/{rel}","templated":true}]}}